	{"id":2077,"date":"2015-09-11T15:51:20","date_gmt":"2015-09-11T14:51:20","guid":{"rendered":"http:\/\/hockey.www.roller-rop.fr\/?page_id=2077"},"modified":"2015-09-11T15:51:20","modified_gmt":"2015-09-11T14:51:20","slug":"resultats-pre-nationale-2014-2015","status":"publish","type":"page","link":"http:\/\/hockey.roller-rop.fr\/?page_id=2077","title":{"rendered":"R\u00e9sultats Pr\u00e9-Nationale 2014-2015"},"content":{"rendered":"<div class=\"sportspress\"><div class=\"sp-template sp-template-event-blocks\">\n\t<div class=\"sp-table-wrapper\">\n\t\t<table class=\"sp-event-blocks sp-data-table\n\t\t\" data-sp-rows=\"12\">\n\t\t\t<thead><tr><th><\/th><\/tr><\/thead> \t\t\t<tbody>\n\t\t\t\t\t\t\t\t\t<tr class=\"sp-row sp-post alternate\" itemscope itemtype=\"http:\/\/schema.org\/SportsEvent\">\n\t\t\t\t\t\t<td>\n\t\t\t\t\t\t\t\t\t\t\t\t\t\t<span class=\"team-logo logo-odd\" title=\"Les Squales de Rez\u00e9 &#8211; PN\"><img width=\"128\" height=\"117\" src=\"http:\/\/hockey.roller-rop.fr\/wp-content\/uploads\/sites\/7\/2019\/06\/logo-squales-noirs-128x117.png\" class=\"attachment-sportspress-fit-icon size-sportspress-fit-icon wp-post-image\" alt=\"\" loading=\"lazy\" \/><\/span> <span class=\"team-logo logo-even\" title=\"Les Tigres de La Gu\u00e9rini\u00e8re\"><img width=\"85\" height=\"128\" src=\"http:\/\/hockey.roller-rop.fr\/wp-content\/uploads\/sites\/7\/2015\/08\/logo-gueriniere.png\" class=\"attachment-sportspress-fit-icon size-sportspress-fit-icon wp-post-image\" alt=\"\" loading=\"lazy\" \/><\/span>\t\t\t\t\t\t\t<time class=\"sp-event-date\" datetime=\"2014-10-25 18:00:00\" itemprop=\"startDate\" content=\"2014-10-25T18:00+01:00\">\n\t\t\t\t\t\t\t\t<a href=\"http:\/\/hockey.roller-rop.fr\/?sp_event=900\">25 octobre 2014<\/a>\t\t\t\t\t\t\t<\/time>\n\t\t\t\t\t\t\t\t\t\t\t\t\t\t<h5 class=\"sp-event-results\">\n\t\t\t\t\t\t\t\t<a href=\"http:\/\/hockey.roller-rop.fr\/?sp_event=900\"><span class=\"sp-result \">5<\/span> - <span class=\"sp-result\">6<\/span><\/a>\t\t\t\t\t\t\t<\/h5>\n\t\t\t\t\t\t\t\t\t\t\t\t\t\t\t<div class=\"sp-event-league\">Pays de Loire<\/div>\n\t\t\t\t\t\t\t\t\t\t\t\t\t\t\t\t\t\t\t\t\t\t\t\t\t\t\t\t\t\t\t\t\t\t\t\t\t\t\t\t\t\t\t\t<div style=\"display:none;\" class=\"sp-event-venue\" itemprop=\"location\" itemscope itemtype=\"http:\/\/schema.org\/Place\"><div itemprop=\"address\" itemscope itemtype=\"http:\/\/schema.org\/PostalAddress\">N\/C<\/div><\/div>\n\t\t\t\t\t\t\t\t\t\t\t\t\t\t<h4 class=\"sp-event-title\" itemprop=\"name\">\n\t\t\t\t\t\t\t\t<a href=\"http:\/\/hockey.roller-rop.fr\/?sp_event=900\">Les Squales de Rez\u00e9 vs Les Tigres de La Gu\u00e9rini\u00e8re<\/a>\t\t\t\t\t\t\t<\/h4>\n\t\t\t\t\t\t\t\n\t\t\t\t\t\t<\/td>\n\t\t\t\t\t<\/tr>\n\t\t\t\t\t\t\t\t\t\t<tr class=\"sp-row sp-post\" itemscope itemtype=\"http:\/\/schema.org\/SportsEvent\">\n\t\t\t\t\t\t<td>\n\t\t\t\t\t\t\t\t\t\t\t\t\t\t<span class=\"team-logo logo-odd\" title=\"Les Vikings de Pornichet\"><img width=\"105\" height=\"128\" src=\"http:\/\/hockey.roller-rop.fr\/wp-content\/uploads\/sites\/7\/2015\/08\/logo-pornichet.png\" class=\"attachment-sportspress-fit-icon size-sportspress-fit-icon wp-post-image\" alt=\"\" loading=\"lazy\" \/><\/span> <span class=\"team-logo logo-even\" title=\"Les Squales de Rez\u00e9 &#8211; PN\"><img width=\"128\" height=\"117\" src=\"http:\/\/hockey.roller-rop.fr\/wp-content\/uploads\/sites\/7\/2019\/06\/logo-squales-noirs-128x117.png\" class=\"attachment-sportspress-fit-icon size-sportspress-fit-icon wp-post-image\" alt=\"\" loading=\"lazy\" \/><\/span>\t\t\t\t\t\t\t<time class=\"sp-event-date\" datetime=\"2014-11-16 14:00:00\" itemprop=\"startDate\" content=\"2014-11-16T14:00+01:00\">\n\t\t\t\t\t\t\t\t<a href=\"http:\/\/hockey.roller-rop.fr\/?sp_event=912\">16 novembre 2014<\/a>\t\t\t\t\t\t\t<\/time>\n\t\t\t\t\t\t\t\t\t\t\t\t\t\t<h5 class=\"sp-event-results\">\n\t\t\t\t\t\t\t\t<a href=\"http:\/\/hockey.roller-rop.fr\/?sp_event=912\"><span class=\"sp-result \">5<\/span> - <span class=\"sp-result\">4<\/span><\/a>\t\t\t\t\t\t\t<\/h5>\n\t\t\t\t\t\t\t\t\t\t\t\t\t\t\t<div class=\"sp-event-league\">Pays de Loire<\/div>\n\t\t\t\t\t\t\t\t\t\t\t\t\t\t\t\t\t\t\t\t\t\t\t\t\t\t\t\t\t\t\t\t\t\t\t\t\t\t\t\t\t\t\t\t<div style=\"display:none;\" class=\"sp-event-venue\" itemprop=\"location\" itemscope itemtype=\"http:\/\/schema.org\/Place\"><div itemprop=\"address\" itemscope itemtype=\"http:\/\/schema.org\/PostalAddress\">N\/C<\/div><\/div>\n\t\t\t\t\t\t\t\t\t\t\t\t\t\t<h4 class=\"sp-event-title\" itemprop=\"name\">\n\t\t\t\t\t\t\t\t<a href=\"http:\/\/hockey.roller-rop.fr\/?sp_event=912\">Les Vikings de Pornichet vs Les Squales de Rez\u00e9<\/a>\t\t\t\t\t\t\t<\/h4>\n\t\t\t\t\t\t\t\n\t\t\t\t\t\t<\/td>\n\t\t\t\t\t<\/tr>\n\t\t\t\t\t\t\t\t\t\t<tr class=\"sp-row sp-post alternate\" itemscope itemtype=\"http:\/\/schema.org\/SportsEvent\">\n\t\t\t\t\t\t<td>\n\t\t\t\t\t\t\t\t\t\t\t\t\t\t<span class=\"team-logo logo-odd\" title=\"Les Phacoch\u00e8res de Nantes\"><img width=\"128\" height=\"128\" src=\"http:\/\/hockey.roller-rop.fr\/wp-content\/uploads\/sites\/7\/2023\/07\/Logo-Phacocheres-128x128.png\" class=\"attachment-sportspress-fit-icon size-sportspress-fit-icon wp-post-image\" alt=\"\" loading=\"lazy\" \/><\/span> <span class=\"team-logo logo-even\" title=\"Les Squales de Rez\u00e9 &#8211; PN\"><img width=\"128\" height=\"117\" src=\"http:\/\/hockey.roller-rop.fr\/wp-content\/uploads\/sites\/7\/2019\/06\/logo-squales-noirs-128x117.png\" class=\"attachment-sportspress-fit-icon size-sportspress-fit-icon wp-post-image\" alt=\"\" loading=\"lazy\" \/><\/span>\t\t\t\t\t\t\t<time class=\"sp-event-date\" datetime=\"2014-11-23 12:00:00\" itemprop=\"startDate\" content=\"2014-11-23T12:00+01:00\">\n\t\t\t\t\t\t\t\t<a href=\"http:\/\/hockey.roller-rop.fr\/?sp_event=910\">23 novembre 2014<\/a>\t\t\t\t\t\t\t<\/time>\n\t\t\t\t\t\t\t\t\t\t\t\t\t\t<h5 class=\"sp-event-results\">\n\t\t\t\t\t\t\t\t<a href=\"http:\/\/hockey.roller-rop.fr\/?sp_event=910\"><span class=\"sp-result \">6<\/span> - <span class=\"sp-result\">4<\/span><\/a>\t\t\t\t\t\t\t<\/h5>\n\t\t\t\t\t\t\t\t\t\t\t\t\t\t\t<div class=\"sp-event-league\">Pays de Loire<\/div>\n\t\t\t\t\t\t\t\t\t\t\t\t\t\t\t\t\t\t\t\t\t\t\t\t\t\t\t\t\t\t\t\t\t\t\t\t\t\t\t\t\t\t\t\t<div style=\"display:none;\" class=\"sp-event-venue\" itemprop=\"location\" itemscope itemtype=\"http:\/\/schema.org\/Place\"><div itemprop=\"address\" itemscope itemtype=\"http:\/\/schema.org\/PostalAddress\">N\/C<\/div><\/div>\n\t\t\t\t\t\t\t\t\t\t\t\t\t\t<h4 class=\"sp-event-title\" itemprop=\"name\">\n\t\t\t\t\t\t\t\t<a href=\"http:\/\/hockey.roller-rop.fr\/?sp_event=910\">Les Phacoch\u00e8res de Nantes vs Les Squales de Rez\u00e9<\/a>\t\t\t\t\t\t\t<\/h4>\n\t\t\t\t\t\t\t\n\t\t\t\t\t\t<\/td>\n\t\t\t\t\t<\/tr>\n\t\t\t\t\t\t\t\t\t\t<tr class=\"sp-row sp-post\" itemscope itemtype=\"http:\/\/schema.org\/SportsEvent\">\n\t\t\t\t\t\t<td>\n\t\t\t\t\t\t\t\t\t\t\t\t\t\t<span class=\"team-logo logo-odd\" title=\"Les Grizzlis de Ch\u00e2teaubriant\"><img width=\"128\" height=\"96\" src=\"http:\/\/hockey.roller-rop.fr\/wp-content\/uploads\/sites\/7\/2015\/08\/logo-chateaubriant.png\" class=\"attachment-sportspress-fit-icon size-sportspress-fit-icon wp-post-image\" alt=\"\" loading=\"lazy\" \/><\/span> <span class=\"team-logo logo-even\" title=\"Les Squales de Rez\u00e9 &#8211; PN\"><img width=\"128\" height=\"117\" src=\"http:\/\/hockey.roller-rop.fr\/wp-content\/uploads\/sites\/7\/2019\/06\/logo-squales-noirs-128x117.png\" class=\"attachment-sportspress-fit-icon size-sportspress-fit-icon wp-post-image\" alt=\"\" loading=\"lazy\" \/><\/span>\t\t\t\t\t\t\t<time class=\"sp-event-date\" datetime=\"2014-12-13 18:30:00\" itemprop=\"startDate\" content=\"2014-12-13T18:30+01:00\">\n\t\t\t\t\t\t\t\t<a href=\"http:\/\/hockey.roller-rop.fr\/?sp_event=890\">13 d\u00e9cembre 2014<\/a>\t\t\t\t\t\t\t<\/time>\n\t\t\t\t\t\t\t\t\t\t\t\t\t\t<h5 class=\"sp-event-results\">\n\t\t\t\t\t\t\t\t<a href=\"http:\/\/hockey.roller-rop.fr\/?sp_event=890\"><span class=\"sp-result \">2<\/span> - <span class=\"sp-result\">4<\/span><\/a>\t\t\t\t\t\t\t<\/h5>\n\t\t\t\t\t\t\t\t\t\t\t\t\t\t\t<div class=\"sp-event-league\">Pays de Loire<\/div>\n\t\t\t\t\t\t\t\t\t\t\t\t\t\t\t\t\t\t\t\t\t\t\t\t\t\t\t\t\t\t\t\t\t\t\t\t\t\t\t\t\t\t\t\t<div style=\"display:none;\" class=\"sp-event-venue\" itemprop=\"location\" itemscope itemtype=\"http:\/\/schema.org\/Place\"><div itemprop=\"address\" itemscope itemtype=\"http:\/\/schema.org\/PostalAddress\">N\/C<\/div><\/div>\n\t\t\t\t\t\t\t\t\t\t\t\t\t\t<h4 class=\"sp-event-title\" itemprop=\"name\">\n\t\t\t\t\t\t\t\t<a href=\"http:\/\/hockey.roller-rop.fr\/?sp_event=890\">Les Grizzlis de Ch\u00e2teaubriant vs Les Squales de Rez\u00e9<\/a>\t\t\t\t\t\t\t<\/h4>\n\t\t\t\t\t\t\t\n\t\t\t\t\t\t<\/td>\n\t\t\t\t\t<\/tr>\n\t\t\t\t\t\t\t\t\t\t<tr class=\"sp-row sp-post alternate\" itemscope itemtype=\"http:\/\/schema.org\/SportsEvent\">\n\t\t\t\t\t\t<td>\n\t\t\t\t\t\t\t\t\t\t\t\t\t\t<span class=\"team-logo logo-odd\" title=\"Les Squales de Rez\u00e9 &#8211; PN\"><img width=\"128\" height=\"117\" src=\"http:\/\/hockey.roller-rop.fr\/wp-content\/uploads\/sites\/7\/2019\/06\/logo-squales-noirs-128x117.png\" class=\"attachment-sportspress-fit-icon size-sportspress-fit-icon wp-post-image\" alt=\"\" loading=\"lazy\" \/><\/span> <span class=\"team-logo logo-even\" title=\"Les Griffiers de Marcill\u00e9\"><img width=\"128\" height=\"111\" src=\"http:\/\/hockey.roller-rop.fr\/wp-content\/uploads\/sites\/7\/2015\/08\/logo-marcille.png\" class=\"attachment-sportspress-fit-icon size-sportspress-fit-icon wp-post-image\" alt=\"\" loading=\"lazy\" \/><\/span>\t\t\t\t\t\t\t<time class=\"sp-event-date\" datetime=\"2015-01-10 18:00:00\" itemprop=\"startDate\" content=\"2015-01-10T18:00+01:00\">\n\t\t\t\t\t\t\t\t<a href=\"http:\/\/hockey.roller-rop.fr\/?sp_event=907\">10 janvier 2015<\/a>\t\t\t\t\t\t\t<\/time>\n\t\t\t\t\t\t\t\t\t\t\t\t\t\t<h5 class=\"sp-event-results\">\n\t\t\t\t\t\t\t\t<a href=\"http:\/\/hockey.roller-rop.fr\/?sp_event=907\"><span class=\"sp-result \">5<\/span> - <span class=\"sp-result\">6<\/span><\/a>\t\t\t\t\t\t\t<\/h5>\n\t\t\t\t\t\t\t\t\t\t\t\t\t\t\t<div class=\"sp-event-league\">Pays de Loire<\/div>\n\t\t\t\t\t\t\t\t\t\t\t\t\t\t\t\t\t\t\t\t\t\t\t\t\t\t\t\t\t\t\t\t\t\t\t\t\t\t\t\t\t\t\t\t<div style=\"display:none;\" class=\"sp-event-venue\" itemprop=\"location\" itemscope itemtype=\"http:\/\/schema.org\/Place\"><div itemprop=\"address\" itemscope itemtype=\"http:\/\/schema.org\/PostalAddress\">N\/C<\/div><\/div>\n\t\t\t\t\t\t\t\t\t\t\t\t\t\t<h4 class=\"sp-event-title\" itemprop=\"name\">\n\t\t\t\t\t\t\t\t<a href=\"http:\/\/hockey.roller-rop.fr\/?sp_event=907\">Les Squales de Rez\u00e9 vs Les Griffiers de Marcill\u00e9<\/a>\t\t\t\t\t\t\t<\/h4>\n\t\t\t\t\t\t\t\n\t\t\t\t\t\t<\/td>\n\t\t\t\t\t<\/tr>\n\t\t\t\t\t\t\t\t\t\t<tr class=\"sp-row sp-post\" itemscope itemtype=\"http:\/\/schema.org\/SportsEvent\">\n\t\t\t\t\t\t<td>\n\t\t\t\t\t\t\t\t\t\t\t\t\t\t<span class=\"team-logo logo-odd\" title=\"Les Squales de Rez\u00e9 &#8211; PN\"><img width=\"128\" height=\"117\" src=\"http:\/\/hockey.roller-rop.fr\/wp-content\/uploads\/sites\/7\/2019\/06\/logo-squales-noirs-128x117.png\" class=\"attachment-sportspress-fit-icon size-sportspress-fit-icon wp-post-image\" alt=\"\" loading=\"lazy\" \/><\/span> <span class=\"team-logo logo-even\" title=\"Les Hawks d&rsquo;Angers &#8211; PN\"><img width=\"104\" height=\"128\" src=\"http:\/\/hockey.roller-rop.fr\/wp-content\/uploads\/sites\/7\/2015\/07\/logo-angers.png\" class=\"attachment-sportspress-fit-icon size-sportspress-fit-icon wp-post-image\" alt=\"\" loading=\"lazy\" \/><\/span>\t\t\t\t\t\t\t<time class=\"sp-event-date\" datetime=\"2015-01-24 18:00:00\" itemprop=\"startDate\" content=\"2015-01-24T18:00+01:00\">\n\t\t\t\t\t\t\t\t<a href=\"http:\/\/hockey.roller-rop.fr\/?sp_event=880\">24 janvier 2015<\/a>\t\t\t\t\t\t\t<\/time>\n\t\t\t\t\t\t\t\t\t\t\t\t\t\t<h5 class=\"sp-event-results\">\n\t\t\t\t\t\t\t\t<a href=\"http:\/\/hockey.roller-rop.fr\/?sp_event=880\"><span class=\"sp-result \">5<\/span> - <span class=\"sp-result\">3<\/span><\/a>\t\t\t\t\t\t\t<\/h5>\n\t\t\t\t\t\t\t\t\t\t\t\t\t\t\t<div class=\"sp-event-league\">Pays de Loire<\/div>\n\t\t\t\t\t\t\t\t\t\t\t\t\t\t\t\t\t\t\t\t\t\t\t\t\t\t\t\t\t\t\t\t\t\t\t\t\t\t\t\t\t\t\t\t<div style=\"display:none;\" class=\"sp-event-venue\" itemprop=\"location\" itemscope itemtype=\"http:\/\/schema.org\/Place\"><div itemprop=\"address\" itemscope itemtype=\"http:\/\/schema.org\/PostalAddress\">N\/C<\/div><\/div>\n\t\t\t\t\t\t\t\t\t\t\t\t\t\t<h4 class=\"sp-event-title\" itemprop=\"name\">\n\t\t\t\t\t\t\t\t<a href=\"http:\/\/hockey.roller-rop.fr\/?sp_event=880\">Les Squales de Rez\u00e9 vs Les Hawks de Angers<\/a>\t\t\t\t\t\t\t<\/h4>\n\t\t\t\t\t\t\t\n\t\t\t\t\t\t<\/td>\n\t\t\t\t\t<\/tr>\n\t\t\t\t\t\t\t\t\t\t<tr class=\"sp-row sp-post alternate\" itemscope itemtype=\"http:\/\/schema.org\/SportsEvent\">\n\t\t\t\t\t\t<td>\n\t\t\t\t\t\t\t\t\t\t\t\t\t\t<span class=\"team-logo logo-odd\" title=\"Les Tigres de La Gu\u00e9rini\u00e8re\"><img width=\"85\" height=\"128\" src=\"http:\/\/hockey.roller-rop.fr\/wp-content\/uploads\/sites\/7\/2015\/08\/logo-gueriniere.png\" class=\"attachment-sportspress-fit-icon size-sportspress-fit-icon wp-post-image\" alt=\"\" loading=\"lazy\" \/><\/span> <span class=\"team-logo logo-even\" title=\"Les Squales de Rez\u00e9 &#8211; PN\"><img width=\"128\" height=\"117\" src=\"http:\/\/hockey.roller-rop.fr\/wp-content\/uploads\/sites\/7\/2019\/06\/logo-squales-noirs-128x117.png\" class=\"attachment-sportspress-fit-icon size-sportspress-fit-icon wp-post-image\" alt=\"\" loading=\"lazy\" \/><\/span>\t\t\t\t\t\t\t<time class=\"sp-event-date\" datetime=\"2015-02-01 14:00:00\" itemprop=\"startDate\" content=\"2015-02-01T14:00+01:00\">\n\t\t\t\t\t\t\t\t<a href=\"http:\/\/hockey.roller-rop.fr\/?sp_event=899\">1 f\u00e9vrier 2015<\/a>\t\t\t\t\t\t\t<\/time>\n\t\t\t\t\t\t\t\t\t\t\t\t\t\t<h5 class=\"sp-event-results\">\n\t\t\t\t\t\t\t\t<a href=\"http:\/\/hockey.roller-rop.fr\/?sp_event=899\"><span class=\"sp-result \">4<\/span> - <span class=\"sp-result\">8<\/span><\/a>\t\t\t\t\t\t\t<\/h5>\n\t\t\t\t\t\t\t\t\t\t\t\t\t\t\t<div class=\"sp-event-league\">Pays de Loire<\/div>\n\t\t\t\t\t\t\t\t\t\t\t\t\t\t\t\t\t\t\t\t\t\t\t\t\t\t\t\t\t\t\t\t\t\t\t\t\t\t\t\t\t\t\t\t<div style=\"display:none;\" class=\"sp-event-venue\" itemprop=\"location\" itemscope itemtype=\"http:\/\/schema.org\/Place\"><div itemprop=\"address\" itemscope itemtype=\"http:\/\/schema.org\/PostalAddress\">N\/C<\/div><\/div>\n\t\t\t\t\t\t\t\t\t\t\t\t\t\t<h4 class=\"sp-event-title\" itemprop=\"name\">\n\t\t\t\t\t\t\t\t<a href=\"http:\/\/hockey.roller-rop.fr\/?sp_event=899\">Les Tigres de La Gu\u00e9rini\u00e8re vs Les Squales de Rez\u00e9<\/a>\t\t\t\t\t\t\t<\/h4>\n\t\t\t\t\t\t\t\n\t\t\t\t\t\t<\/td>\n\t\t\t\t\t<\/tr>\n\t\t\t\t\t\t\t\t\t\t<tr class=\"sp-row sp-post\" itemscope itemtype=\"http:\/\/schema.org\/SportsEvent\">\n\t\t\t\t\t\t<td>\n\t\t\t\t\t\t\t\t\t\t\t\t\t\t<span class=\"team-logo logo-odd\" title=\"Les Squales de Rez\u00e9 &#8211; PN\"><img width=\"128\" height=\"117\" src=\"http:\/\/hockey.roller-rop.fr\/wp-content\/uploads\/sites\/7\/2019\/06\/logo-squales-noirs-128x117.png\" class=\"attachment-sportspress-fit-icon size-sportspress-fit-icon wp-post-image\" alt=\"\" loading=\"lazy\" \/><\/span> <span class=\"team-logo logo-even\" title=\"Les Vikings de Pornichet\"><img width=\"105\" height=\"128\" src=\"http:\/\/hockey.roller-rop.fr\/wp-content\/uploads\/sites\/7\/2015\/08\/logo-pornichet.png\" class=\"attachment-sportspress-fit-icon size-sportspress-fit-icon wp-post-image\" alt=\"\" loading=\"lazy\" \/><\/span>\t\t\t\t\t\t\t<time class=\"sp-event-date\" datetime=\"2015-02-28 18:00:47\" itemprop=\"startDate\" content=\"2015-02-28T18:00+01:00\">\n\t\t\t\t\t\t\t\t<a href=\"http:\/\/hockey.roller-rop.fr\/?sp_event=1152\">28 f\u00e9vrier 2015<\/a>\t\t\t\t\t\t\t<\/time>\n\t\t\t\t\t\t\t\t\t\t\t\t\t\t<h5 class=\"sp-event-results\">\n\t\t\t\t\t\t\t\t<a href=\"http:\/\/hockey.roller-rop.fr\/?sp_event=1152\"><span class=\"sp-result \">5<\/span> - <span class=\"sp-result\">13<\/span><\/a>\t\t\t\t\t\t\t<\/h5>\n\t\t\t\t\t\t\t\t\t\t\t\t\t\t\t<div class=\"sp-event-league\">Pays de Loire<\/div>\n\t\t\t\t\t\t\t\t\t\t\t\t\t\t\t\t\t\t\t\t\t\t\t\t\t\t\t\t\t\t\t\t\t\t\t\t\t\t\t\t\t\t\t\t<div style=\"display:none;\" class=\"sp-event-venue\" itemprop=\"location\" itemscope itemtype=\"http:\/\/schema.org\/Place\"><div itemprop=\"address\" itemscope itemtype=\"http:\/\/schema.org\/PostalAddress\">N\/C<\/div><\/div>\n\t\t\t\t\t\t\t\t\t\t\t\t\t\t<h4 class=\"sp-event-title\" itemprop=\"name\">\n\t\t\t\t\t\t\t\t<a href=\"http:\/\/hockey.roller-rop.fr\/?sp_event=1152\">Les Squales de Rez\u00e9 vs Les Vikings de Pornichet<\/a>\t\t\t\t\t\t\t<\/h4>\n\t\t\t\t\t\t\t\n\t\t\t\t\t\t<\/td>\n\t\t\t\t\t<\/tr>\n\t\t\t\t\t\t\t\t\t\t<tr class=\"sp-row sp-post alternate\" itemscope itemtype=\"http:\/\/schema.org\/SportsEvent\">\n\t\t\t\t\t\t<td>\n\t\t\t\t\t\t\t\t\t\t\t\t\t\t<span class=\"team-logo logo-odd\" title=\"Les Squales de Rez\u00e9 &#8211; PN\"><img width=\"128\" height=\"117\" src=\"http:\/\/hockey.roller-rop.fr\/wp-content\/uploads\/sites\/7\/2019\/06\/logo-squales-noirs-128x117.png\" class=\"attachment-sportspress-fit-icon size-sportspress-fit-icon wp-post-image\" alt=\"\" loading=\"lazy\" \/><\/span> <span class=\"team-logo logo-even\" title=\"Les Phacoch\u00e8res de Nantes\"><img width=\"128\" height=\"128\" src=\"http:\/\/hockey.roller-rop.fr\/wp-content\/uploads\/sites\/7\/2023\/07\/Logo-Phacocheres-128x128.png\" class=\"attachment-sportspress-fit-icon size-sportspress-fit-icon wp-post-image\" alt=\"\" loading=\"lazy\" \/><\/span>\t\t\t\t\t\t\t<time class=\"sp-event-date\" datetime=\"2015-03-07 18:00:00\" itemprop=\"startDate\" content=\"2015-03-07T18:00+01:00\">\n\t\t\t\t\t\t\t\t<a href=\"http:\/\/hockey.roller-rop.fr\/?sp_event=911\">7 mars 2015<\/a>\t\t\t\t\t\t\t<\/time>\n\t\t\t\t\t\t\t\t\t\t\t\t\t\t<h5 class=\"sp-event-results\">\n\t\t\t\t\t\t\t\t<a href=\"http:\/\/hockey.roller-rop.fr\/?sp_event=911\"><span class=\"sp-result \">4<\/span> - <span class=\"sp-result\">9<\/span><\/a>\t\t\t\t\t\t\t<\/h5>\n\t\t\t\t\t\t\t\t\t\t\t\t\t\t\t<div class=\"sp-event-league\">Pays de Loire<\/div>\n\t\t\t\t\t\t\t\t\t\t\t\t\t\t\t\t\t\t\t\t\t\t\t\t\t\t\t\t\t\t\t\t\t\t\t\t\t\t\t\t\t\t\t\t<div style=\"display:none;\" class=\"sp-event-venue\" itemprop=\"location\" itemscope itemtype=\"http:\/\/schema.org\/Place\"><div itemprop=\"address\" itemscope itemtype=\"http:\/\/schema.org\/PostalAddress\">N\/C<\/div><\/div>\n\t\t\t\t\t\t\t\t\t\t\t\t\t\t<h4 class=\"sp-event-title\" itemprop=\"name\">\n\t\t\t\t\t\t\t\t<a href=\"http:\/\/hockey.roller-rop.fr\/?sp_event=911\">Les Squales de Rez\u00e9 vs Les Phacoch\u00e8res de Nantes<\/a>\t\t\t\t\t\t\t<\/h4>\n\t\t\t\t\t\t\t\n\t\t\t\t\t\t<\/td>\n\t\t\t\t\t<\/tr>\n\t\t\t\t\t\t\t\t\t\t<tr class=\"sp-row sp-post\" itemscope itemtype=\"http:\/\/schema.org\/SportsEvent\">\n\t\t\t\t\t\t<td>\n\t\t\t\t\t\t\t\t\t\t\t\t\t\t<span class=\"team-logo logo-odd\" title=\"Les Hawks d&rsquo;Angers &#8211; PN\"><img width=\"104\" height=\"128\" src=\"http:\/\/hockey.roller-rop.fr\/wp-content\/uploads\/sites\/7\/2015\/07\/logo-angers.png\" class=\"attachment-sportspress-fit-icon size-sportspress-fit-icon wp-post-image\" alt=\"\" loading=\"lazy\" \/><\/span> <span class=\"team-logo logo-even\" title=\"Les Squales de Rez\u00e9 &#8211; PN\"><img width=\"128\" height=\"117\" src=\"http:\/\/hockey.roller-rop.fr\/wp-content\/uploads\/sites\/7\/2019\/06\/logo-squales-noirs-128x117.png\" class=\"attachment-sportspress-fit-icon size-sportspress-fit-icon wp-post-image\" alt=\"\" loading=\"lazy\" \/><\/span>\t\t\t\t\t\t\t<time class=\"sp-event-date\" datetime=\"2015-03-22 14:00:00\" itemprop=\"startDate\" content=\"2015-03-22T14:00+01:00\">\n\t\t\t\t\t\t\t\t<a href=\"http:\/\/hockey.roller-rop.fr\/?sp_event=869\">22 mars 2015<\/a>\t\t\t\t\t\t\t<\/time>\n\t\t\t\t\t\t\t\t\t\t\t\t\t\t<h5 class=\"sp-event-results\">\n\t\t\t\t\t\t\t\t<a href=\"http:\/\/hockey.roller-rop.fr\/?sp_event=869\"><span class=\"sp-result \">4<\/span> - <span class=\"sp-result\">5<\/span><\/a>\t\t\t\t\t\t\t<\/h5>\n\t\t\t\t\t\t\t\t\t\t\t\t\t\t\t<div class=\"sp-event-league\">Pays de Loire<\/div>\n\t\t\t\t\t\t\t\t\t\t\t\t\t\t\t\t\t\t\t\t\t\t\t\t\t\t\t\t\t\t\t\t\t\t\t\t\t\t\t\t\t\t\t\t<div style=\"display:none;\" class=\"sp-event-venue\" itemprop=\"location\" itemscope itemtype=\"http:\/\/schema.org\/Place\"><div itemprop=\"address\" itemscope itemtype=\"http:\/\/schema.org\/PostalAddress\">N\/C<\/div><\/div>\n\t\t\t\t\t\t\t\t\t\t\t\t\t\t<h4 class=\"sp-event-title\" itemprop=\"name\">\n\t\t\t\t\t\t\t\t<a href=\"http:\/\/hockey.roller-rop.fr\/?sp_event=869\">Les Hawks de Angers vs Les Squales de Rez\u00e9<\/a>\t\t\t\t\t\t\t<\/h4>\n\t\t\t\t\t\t\t\n\t\t\t\t\t\t<\/td>\n\t\t\t\t\t<\/tr>\n\t\t\t\t\t\t\t\t\t\t<tr class=\"sp-row sp-post alternate\" itemscope itemtype=\"http:\/\/schema.org\/SportsEvent\">\n\t\t\t\t\t\t<td>\n\t\t\t\t\t\t\t\t\t\t\t\t\t\t<span class=\"team-logo logo-odd\" title=\"Les Squales de Rez\u00e9 &#8211; PN\"><img width=\"128\" height=\"117\" src=\"http:\/\/hockey.roller-rop.fr\/wp-content\/uploads\/sites\/7\/2019\/06\/logo-squales-noirs-128x117.png\" class=\"attachment-sportspress-fit-icon size-sportspress-fit-icon wp-post-image\" alt=\"\" loading=\"lazy\" \/><\/span> <span class=\"team-logo logo-even\" title=\"Les Grizzlis de Ch\u00e2teaubriant\"><img width=\"128\" height=\"96\" src=\"http:\/\/hockey.roller-rop.fr\/wp-content\/uploads\/sites\/7\/2015\/08\/logo-chateaubriant.png\" class=\"attachment-sportspress-fit-icon size-sportspress-fit-icon wp-post-image\" alt=\"\" loading=\"lazy\" \/><\/span>\t\t\t\t\t\t\t<time class=\"sp-event-date\" datetime=\"2015-03-28 18:00:00\" itemprop=\"startDate\" content=\"2015-03-28T18:00+01:00\">\n\t\t\t\t\t\t\t\t<a href=\"http:\/\/hockey.roller-rop.fr\/?sp_event=892\">28 mars 2015<\/a>\t\t\t\t\t\t\t<\/time>\n\t\t\t\t\t\t\t\t\t\t\t\t\t\t<h5 class=\"sp-event-results\">\n\t\t\t\t\t\t\t\t<a href=\"http:\/\/hockey.roller-rop.fr\/?sp_event=892\"><span class=\"sp-result \">8<\/span> - <span class=\"sp-result\">6<\/span><\/a>\t\t\t\t\t\t\t<\/h5>\n\t\t\t\t\t\t\t\t\t\t\t\t\t\t\t<div class=\"sp-event-league\">Pays de Loire<\/div>\n\t\t\t\t\t\t\t\t\t\t\t\t\t\t\t\t\t\t\t\t\t\t\t\t\t\t\t\t\t\t\t\t\t\t\t\t\t\t\t\t\t\t\t\t<div style=\"display:none;\" class=\"sp-event-venue\" itemprop=\"location\" itemscope itemtype=\"http:\/\/schema.org\/Place\"><div itemprop=\"address\" itemscope itemtype=\"http:\/\/schema.org\/PostalAddress\">N\/C<\/div><\/div>\n\t\t\t\t\t\t\t\t\t\t\t\t\t\t<h4 class=\"sp-event-title\" itemprop=\"name\">\n\t\t\t\t\t\t\t\t<a href=\"http:\/\/hockey.roller-rop.fr\/?sp_event=892\">Les Squales de Rez\u00e9 vs Les Grizzlis de Ch\u00e2teaubriant<\/a>\t\t\t\t\t\t\t<\/h4>\n\t\t\t\t\t\t\t\n\t\t\t\t\t\t<\/td>\n\t\t\t\t\t<\/tr>\n\t\t\t\t\t\t\t\t\t\t<tr class=\"sp-row sp-post\" itemscope itemtype=\"http:\/\/schema.org\/SportsEvent\">\n\t\t\t\t\t\t<td>\n\t\t\t\t\t\t\t\t\t\t\t\t\t\t<span class=\"team-logo logo-odd\" title=\"Les Squales de Rez\u00e9 &#8211; PN\"><img width=\"128\" height=\"117\" src=\"http:\/\/hockey.roller-rop.fr\/wp-content\/uploads\/sites\/7\/2019\/06\/logo-squales-noirs-128x117.png\" class=\"attachment-sportspress-fit-icon size-sportspress-fit-icon wp-post-image\" alt=\"\" loading=\"lazy\" \/><\/span> <span class=\"team-logo logo-even\" title=\"Les Griffiers de Marcill\u00e9\"><img width=\"128\" height=\"111\" src=\"http:\/\/hockey.roller-rop.fr\/wp-content\/uploads\/sites\/7\/2015\/08\/logo-marcille.png\" class=\"attachment-sportspress-fit-icon size-sportspress-fit-icon wp-post-image\" alt=\"\" loading=\"lazy\" \/><\/span>\t\t\t\t\t\t\t<time class=\"sp-event-date\" datetime=\"2015-04-05 12:00:00\" itemprop=\"startDate\" content=\"2015-04-05T12:00+01:00\">\n\t\t\t\t\t\t\t\t<a href=\"http:\/\/hockey.roller-rop.fr\/?sp_event=906\">5 avril 2015<\/a>\t\t\t\t\t\t\t<\/time>\n\t\t\t\t\t\t\t\t\t\t\t\t\t\t<h5 class=\"sp-event-results\">\n\t\t\t\t\t\t\t\t<a href=\"http:\/\/hockey.roller-rop.fr\/?sp_event=906\"><span class=\"sp-result \">12 h 00 min<\/span><\/a>\t\t\t\t\t\t\t<\/h5>\n\t\t\t\t\t\t\t\t\t\t\t\t\t\t\t<div class=\"sp-event-league\">Pays de Loire<\/div>\n\t\t\t\t\t\t\t\t\t\t\t\t\t\t\t\t\t\t\t\t\t\t\t\t\t\t\t\t\t\t\t\t\t\t\t\t\t\t\t\t\t\t\t\t<div style=\"display:none;\" class=\"sp-event-venue\" itemprop=\"location\" itemscope itemtype=\"http:\/\/schema.org\/Place\"><div itemprop=\"address\" itemscope itemtype=\"http:\/\/schema.org\/PostalAddress\">N\/C<\/div><\/div>\n\t\t\t\t\t\t\t\t\t\t\t\t\t\t<h4 class=\"sp-event-title\" itemprop=\"name\">\n\t\t\t\t\t\t\t\t<a href=\"http:\/\/hockey.roller-rop.fr\/?sp_event=906\">Les Griffiers de Marcill\u00e9 vs Les Squales de Rez\u00e9<\/a>\t\t\t\t\t\t\t<\/h4>\n\t\t\t\t\t\t\t\n\t\t\t\t\t\t<\/td>\n\t\t\t\t\t<\/tr>\n\t\t\t\t\t\t\t\t<\/tbody>\n\t\t<\/table>\n\t<\/div>\n\t<\/div>\n<\/div>\n","protected":false},"excerpt":{"rendered":"","protected":false},"author":199,"featured_media":0,"parent":0,"menu_order":0,"comment_status":"open","ping_status":"open","template":"","meta":[],"_links":{"self":[{"href":"http:\/\/hockey.roller-rop.fr\/index.php?rest_route=\/wp\/v2\/pages\/2077"}],"collection":[{"href":"http:\/\/hockey.roller-rop.fr\/index.php?rest_route=\/wp\/v2\/pages"}],"about":[{"href":"http:\/\/hockey.roller-rop.fr\/index.php?rest_route=\/wp\/v2\/types\/page"}],"author":[{"embeddable":true,"href":"http:\/\/hockey.roller-rop.fr\/index.php?rest_route=\/wp\/v2\/users\/199"}],"replies":[{"embeddable":true,"href":"http:\/\/hockey.roller-rop.fr\/index.php?rest_route=%2Fwp%2Fv2%2Fcomments&post=2077"}],"version-history":[{"count":1,"href":"http:\/\/hockey.roller-rop.fr\/index.php?rest_route=\/wp\/v2\/pages\/2077\/revisions"}],"predecessor-version":[{"id":2078,"href":"http:\/\/hockey.roller-rop.fr\/index.php?rest_route=\/wp\/v2\/pages\/2077\/revisions\/2078"}],"wp:attachment":[{"href":"http:\/\/hockey.roller-rop.fr\/index.php?rest_route=%2Fwp%2Fv2%2Fmedia&parent=2077"}],"curies":[{"name":"wp","href":"https:\/\/api.w.org\/{rel}","templated":true}]}}