	{"id":2104,"date":"2015-09-14T10:13:22","date_gmt":"2015-09-14T09:13:22","guid":{"rendered":"http:\/\/hockey.www.roller-rop.fr\/?page_id=2104"},"modified":"2015-09-14T10:13:22","modified_gmt":"2015-09-14T09:13:22","slug":"classements-nationale-3-2012-2013","status":"publish","type":"page","link":"http:\/\/hockey.roller-rop.fr\/?page_id=2104","title":{"rendered":"Classements Nationale 3 2012-2013"},"content":{"rendered":"<h3>Phase Pr\u00e9liminaire &#8211; Poule G<\/h3>\n<div class=\"sportspress\"><div class=\"sp-template sp-template-league-table\">\n\t<div class=\"sp-table-wrapper\"><table class=\"sp-league-table sp-data-table sp-sortable-table sp-scrollable-table sp-paginated-table\" data-sp-rows=\"12\"><thead><tr><th class=\"data-rank\">Pos<\/th><th class=\"data-name\">\u00c9quipe<\/th><th class=\"data-j\">J<\/th><th class=\"data-pts\">PTS<\/th><th class=\"data-v\">V<\/th><th class=\"data-vp\">VP<\/th><th class=\"data-n\">N<\/th><th class=\"data-dp\">DP<\/th><th class=\"data-d\">D<\/th><th class=\"data-f\">F<\/th><th class=\"data-bp\">BP<\/th><th class=\"data-bc\">BC<\/th><th class=\"data-dif\">Dif<\/th><\/tr><\/thead><tbody><tr class=\"odd sp-row-no-0\"><td class=\"data-rank\" data-label=\"Pos\">1<\/td><td class=\"data-name has-logo\" data-label=\"\u00c9quipe\"><span class=\"team-logo\"><img width=\"128\" height=\"91\" src=\"http:\/\/hockey.roller-rop.fr\/wp-content\/uploads\/sites\/7\/2019\/11\/Cholet-128x91.png\" class=\"attachment-sportspress-fit-icon size-sportspress-fit-icon wp-post-image\" alt=\"\" loading=\"lazy\" \/><\/span>Les Orques de Cholet<\/td><td class=\"data-j\" data-label=\"J\">14<\/td><td class=\"data-pts\" data-label=\"PTS\">42<\/td><td class=\"data-v\" data-label=\"V\">14<\/td><td class=\"data-vp\" data-label=\"VP\">0<\/td><td class=\"data-n\" data-label=\"N\">0<\/td><td class=\"data-dp\" data-label=\"DP\">0<\/td><td class=\"data-d\" data-label=\"D\">0<\/td><td class=\"data-f\" data-label=\"F\">0<\/td><td class=\"data-bp\" data-label=\"BP\">117<\/td><td class=\"data-bc\" data-label=\"BC\">32<\/td><td class=\"data-dif\" data-label=\"Dif\">85<\/td><\/tr><tr class=\"even sp-row-no-1\"><td class=\"data-rank\" data-label=\"Pos\">2<\/td><td class=\"data-name has-logo\" data-label=\"\u00c9quipe\"><span class=\"team-logo\"><img width=\"128\" height=\"77\" src=\"http:\/\/hockey.roller-rop.fr\/wp-content\/uploads\/sites\/7\/2015\/08\/logo-laroche.png\" class=\"attachment-sportspress-fit-icon size-sportspress-fit-icon wp-post-image\" alt=\"\" loading=\"lazy\" \/><\/span>Imperial de La Roche sur Yon<\/td><td class=\"data-j\" data-label=\"J\">14<\/td><td class=\"data-pts\" data-label=\"PTS\">30<\/td><td class=\"data-v\" data-label=\"V\">10<\/td><td class=\"data-vp\" data-label=\"VP\">0<\/td><td class=\"data-n\" data-label=\"N\">0<\/td><td class=\"data-dp\" data-label=\"DP\">0<\/td><td class=\"data-d\" data-label=\"D\">4<\/td><td class=\"data-f\" data-label=\"F\">0<\/td><td class=\"data-bp\" data-label=\"BP\">108<\/td><td class=\"data-bc\" data-label=\"BC\">69<\/td><td class=\"data-dif\" data-label=\"Dif\">39<\/td><\/tr><tr class=\"odd sp-row-no-2\"><td class=\"data-rank\" data-label=\"Pos\">3<\/td><td class=\"data-name has-logo\" data-label=\"\u00c9quipe\"><span class=\"team-logo\"><img width=\"120\" height=\"128\" src=\"http:\/\/hockey.roller-rop.fr\/wp-content\/uploads\/sites\/7\/2014\/09\/logo-nantes.png\" class=\"attachment-sportspress-fit-icon size-sportspress-fit-icon wp-post-image\" alt=\"\" loading=\"lazy\" \/><\/span>Les Remparts de Nantes<\/td><td class=\"data-j\" data-label=\"J\">14<\/td><td class=\"data-pts\" data-label=\"PTS\">25<\/td><td class=\"data-v\" data-label=\"V\">8<\/td><td class=\"data-vp\" data-label=\"VP\">0<\/td><td class=\"data-n\" data-label=\"N\">0<\/td><td class=\"data-dp\" data-label=\"DP\">1<\/td><td class=\"data-d\" data-label=\"D\">5<\/td><td class=\"data-f\" data-label=\"F\">0<\/td><td class=\"data-bp\" data-label=\"BP\">90<\/td><td class=\"data-bc\" data-label=\"BC\">54<\/td><td class=\"data-dif\" data-label=\"Dif\">36<\/td><\/tr><tr class=\"even highlighted sp-row-no-3\"><td class=\"data-rank sp-highlight\" data-label=\"Pos\">4<\/td><td class=\"data-name has-logo sp-highlight\" data-label=\"\u00c9quipe\"><span class=\"team-logo\"><img width=\"128\" height=\"117\" src=\"http:\/\/hockey.roller-rop.fr\/wp-content\/uploads\/sites\/7\/2019\/06\/logo-squales-noirs-128x117.png\" class=\"attachment-sportspress-fit-icon size-sportspress-fit-icon wp-post-image\" alt=\"\" loading=\"lazy\" \/><\/span>Les Squales de Rez\u00e9 &#8211; N3<\/td><td class=\"data-j sp-highlight\" data-label=\"J\">14<\/td><td class=\"data-pts sp-highlight\" data-label=\"PTS\">20<\/td><td class=\"data-v sp-highlight\" data-label=\"V\">6<\/td><td class=\"data-vp sp-highlight\" data-label=\"VP\">0<\/td><td class=\"data-n sp-highlight\" data-label=\"N\">1<\/td><td class=\"data-dp sp-highlight\" data-label=\"DP\">1<\/td><td class=\"data-d sp-highlight\" data-label=\"D\">6<\/td><td class=\"data-f sp-highlight\" data-label=\"F\">0<\/td><td class=\"data-bp sp-highlight\" data-label=\"BP\">64<\/td><td class=\"data-bc sp-highlight\" data-label=\"BC\">72<\/td><td class=\"data-dif sp-highlight\" data-label=\"Dif\">-8<\/td><\/tr><tr class=\"odd sp-row-no-4\"><td class=\"data-rank\" data-label=\"Pos\">5<\/td><td class=\"data-name has-logo\" data-label=\"\u00c9quipe\"><span class=\"team-logo\"><img width=\"128\" height=\"128\" src=\"http:\/\/hockey.roller-rop.fr\/wp-content\/uploads\/sites\/7\/2015\/08\/logo-st-medard.png\" class=\"attachment-sportspress-fit-icon size-sportspress-fit-icon wp-post-image\" alt=\"\" loading=\"lazy\" \/><\/span>Roller Bug de Saint-M\u00e9dard<\/td><td class=\"data-j\" data-label=\"J\">14<\/td><td class=\"data-pts\" data-label=\"PTS\">14<\/td><td class=\"data-v\" data-label=\"V\">4<\/td><td class=\"data-vp\" data-label=\"VP\">2<\/td><td class=\"data-n\" data-label=\"N\">0<\/td><td class=\"data-dp\" data-label=\"DP\">0<\/td><td class=\"data-d\" data-label=\"D\">7<\/td><td class=\"data-f\" data-label=\"F\">1<\/td><td class=\"data-bp\" data-label=\"BP\">67<\/td><td class=\"data-bc\" data-label=\"BC\">80<\/td><td class=\"data-dif\" data-label=\"Dif\">-13<\/td><\/tr><tr class=\"even sp-row-no-5\"><td class=\"data-rank\" data-label=\"Pos\">6<\/td><td class=\"data-name has-logo\" data-label=\"\u00c9quipe\"><span class=\"team-logo\"><img width=\"128\" height=\"123\" src=\"http:\/\/hockey.roller-rop.fr\/wp-content\/uploads\/sites\/7\/2015\/07\/logo-bordeaux-chartrons.png\" class=\"attachment-sportspress-fit-icon size-sportspress-fit-icon wp-post-image\" alt=\"\" loading=\"lazy\" \/><\/span>Les Patanocks de Bordeaux Chartrons<\/td><td class=\"data-j\" data-label=\"J\">14<\/td><td class=\"data-pts\" data-label=\"PTS\">13<\/td><td class=\"data-v\" data-label=\"V\">4<\/td><td class=\"data-vp\" data-label=\"VP\">0<\/td><td class=\"data-n\" data-label=\"N\">1<\/td><td class=\"data-dp\" data-label=\"DP\">0<\/td><td class=\"data-d\" data-label=\"D\">9<\/td><td class=\"data-f\" data-label=\"F\">0<\/td><td class=\"data-bp\" data-label=\"BP\">41<\/td><td class=\"data-bc\" data-label=\"BC\">93<\/td><td class=\"data-dif\" data-label=\"Dif\">-52<\/td><\/tr><tr class=\"odd sp-row-no-6\"><td class=\"data-rank\" data-label=\"Pos\">7<\/td><td class=\"data-name has-logo\" data-label=\"\u00c9quipe\"><span class=\"team-logo\"><img width=\"128\" height=\"128\" src=\"http:\/\/hockey.roller-rop.fr\/wp-content\/uploads\/sites\/7\/2014\/09\/logo-rochefort.png\" class=\"attachment-sportspress-fit-icon size-sportspress-fit-icon wp-post-image\" alt=\"\" loading=\"lazy\" \/><\/span>Les Tigers de Rochefort<\/td><td class=\"data-j\" data-label=\"J\">14<\/td><td class=\"data-pts\" data-label=\"PTS\">12<\/td><td class=\"data-v\" data-label=\"V\">4<\/td><td class=\"data-vp\" data-label=\"VP\">0<\/td><td class=\"data-n\" data-label=\"N\">0<\/td><td class=\"data-dp\" data-label=\"DP\">0<\/td><td class=\"data-d\" data-label=\"D\">10<\/td><td class=\"data-f\" data-label=\"F\">0<\/td><td class=\"data-bp\" data-label=\"BP\">61<\/td><td class=\"data-bc\" data-label=\"BC\">103<\/td><td class=\"data-dif\" data-label=\"Dif\">-42<\/td><\/tr><tr class=\"even sp-row-no-7\"><td class=\"data-rank\" data-label=\"Pos\">8<\/td><td class=\"data-name has-logo\" data-label=\"\u00c9quipe\"><span class=\"team-logo\"><img width=\"128\" height=\"121\" src=\"http:\/\/hockey.roller-rop.fr\/wp-content\/uploads\/sites\/7\/2015\/08\/logo-larochelle.png\" class=\"attachment-sportspress-fit-icon size-sportspress-fit-icon wp-post-image\" alt=\"\" loading=\"lazy\" \/><\/span>Les P\u00e9licans de La Rochelle<\/td><td class=\"data-j\" data-label=\"J\">14<\/td><td class=\"data-pts\" data-label=\"PTS\">9<\/td><td class=\"data-v\" data-label=\"V\">3<\/td><td class=\"data-vp\" data-label=\"VP\">0<\/td><td class=\"data-n\" data-label=\"N\">0<\/td><td class=\"data-dp\" data-label=\"DP\">0<\/td><td class=\"data-d\" data-label=\"D\">11<\/td><td class=\"data-f\" data-label=\"F\">0<\/td><td class=\"data-bp\" data-label=\"BP\">48<\/td><td class=\"data-bc\" data-label=\"BC\">93<\/td><td class=\"data-dif\" data-label=\"Dif\">-45<\/td><\/tr><\/tbody><\/table><\/div><\/div>\n<\/div>\n<h3>Quarts de finale de conf\u00e9rence &#8211; S\u00e9rie 6<\/h3>\n<div class=\"sportspress\"><div class=\"sp-template sp-template-league-table\">\n\t<div class=\"sp-table-wrapper\"><table class=\"sp-league-table sp-data-table sp-sortable-table sp-scrollable-table sp-paginated-table\" data-sp-rows=\"12\"><thead><tr><th class=\"data-rank\">Pos<\/th><th class=\"data-name\">\u00c9quipe<\/th><th class=\"data-j\">J<\/th><th class=\"data-pts\">PTS<\/th><th class=\"data-v\">V<\/th><th class=\"data-vp\">VP<\/th><th class=\"data-n\">N<\/th><th class=\"data-dp\">DP<\/th><th class=\"data-d\">D<\/th><th class=\"data-f\">F<\/th><th class=\"data-bp\">BP<\/th><th class=\"data-bc\">BC<\/th><th class=\"data-dif\">Dif<\/th><\/tr><\/thead><tbody><tr class=\"odd sp-row-no-0\"><td class=\"data-rank\" data-label=\"Pos\">1<\/td><td class=\"data-name has-logo\" data-label=\"\u00c9quipe\"><span class=\"team-logo\"><img width=\"128\" height=\"99\" src=\"http:\/\/hockey.roller-rop.fr\/wp-content\/uploads\/sites\/7\/2015\/08\/logo-villardbonnot.png\" class=\"attachment-sportspress-fit-icon size-sportspress-fit-icon wp-post-image\" alt=\"\" loading=\"lazy\" \/><\/span>Les Dauphins de Villard-Bonnot<\/td><td class=\"data-j\" data-label=\"J\">3<\/td><td class=\"data-pts\" data-label=\"PTS\">6<\/td><td class=\"data-v\" data-label=\"V\">2<\/td><td class=\"data-vp\" data-label=\"VP\">0<\/td><td class=\"data-n\" data-label=\"N\">0<\/td><td class=\"data-dp\" data-label=\"DP\">0<\/td><td class=\"data-d\" data-label=\"D\">1<\/td><td class=\"data-f\" data-label=\"F\">0<\/td><td class=\"data-bp\" data-label=\"BP\">16<\/td><td class=\"data-bc\" data-label=\"BC\">12<\/td><td class=\"data-dif\" data-label=\"Dif\">4<\/td><\/tr><tr class=\"even sp-row-no-1\"><td class=\"data-rank\" data-label=\"Pos\">2<\/td><td class=\"data-name has-logo\" data-label=\"\u00c9quipe\"><span class=\"team-logo\"><img width=\"98\" height=\"128\" src=\"http:\/\/hockey.roller-rop.fr\/wp-content\/uploads\/sites\/7\/2015\/08\/logo-pamiers.png\" class=\"attachment-sportspress-fit-icon size-sportspress-fit-icon wp-post-image\" alt=\"\" loading=\"lazy\" \/><\/span>Les Vixens de Pamiers<\/td><td class=\"data-j\" data-label=\"J\">3<\/td><td class=\"data-pts\" data-label=\"PTS\">5<\/td><td class=\"data-v\" data-label=\"V\">1<\/td><td class=\"data-vp\" data-label=\"VP\">0<\/td><td class=\"data-n\" data-label=\"N\">2<\/td><td class=\"data-dp\" data-label=\"DP\">0<\/td><td class=\"data-d\" data-label=\"D\">0<\/td><td class=\"data-f\" data-label=\"F\">0<\/td><td class=\"data-bp\" data-label=\"BP\">11<\/td><td class=\"data-bc\" data-label=\"BC\">10<\/td><td class=\"data-dif\" data-label=\"Dif\">1<\/td><\/tr><tr class=\"odd sp-row-no-2\"><td class=\"data-rank\" data-label=\"Pos\">3<\/td><td class=\"data-name has-logo\" data-label=\"\u00c9quipe\"><span class=\"team-logo\"><img width=\"128\" height=\"128\" src=\"http:\/\/hockey.roller-rop.fr\/wp-content\/uploads\/sites\/7\/2015\/07\/logo-tours.png\" class=\"attachment-sportspress-fit-icon size-sportspress-fit-icon wp-post-image\" alt=\"\" loading=\"lazy\" \/><\/span>Les Apaches de Tours<\/td><td class=\"data-j\" data-label=\"J\">3<\/td><td class=\"data-pts\" data-label=\"PTS\">4<\/td><td class=\"data-v\" data-label=\"V\">1<\/td><td class=\"data-vp\" data-label=\"VP\">0<\/td><td class=\"data-n\" data-label=\"N\">1<\/td><td class=\"data-dp\" data-label=\"DP\">0<\/td><td class=\"data-d\" data-label=\"D\">1<\/td><td class=\"data-f\" data-label=\"F\">0<\/td><td class=\"data-bp\" data-label=\"BP\">18<\/td><td class=\"data-bc\" data-label=\"BC\">18<\/td><td class=\"data-dif\" data-label=\"Dif\">0<\/td><\/tr><tr class=\"even highlighted sp-row-no-3\"><td class=\"data-rank sp-highlight\" data-label=\"Pos\">4<\/td><td class=\"data-name has-logo sp-highlight\" data-label=\"\u00c9quipe\"><span class=\"team-logo\"><img width=\"128\" height=\"117\" src=\"http:\/\/hockey.roller-rop.fr\/wp-content\/uploads\/sites\/7\/2019\/06\/logo-squales-noirs-128x117.png\" class=\"attachment-sportspress-fit-icon size-sportspress-fit-icon wp-post-image\" alt=\"\" loading=\"lazy\" \/><\/span>Les Squales de Rez\u00e9 &#8211; N3<\/td><td class=\"data-j sp-highlight\" data-label=\"J\">3<\/td><td class=\"data-pts sp-highlight\" data-label=\"PTS\">1<\/td><td class=\"data-v sp-highlight\" data-label=\"V\">0<\/td><td class=\"data-vp sp-highlight\" data-label=\"VP\">0<\/td><td class=\"data-n sp-highlight\" data-label=\"N\">1<\/td><td class=\"data-dp sp-highlight\" data-label=\"DP\">0<\/td><td class=\"data-d sp-highlight\" data-label=\"D\">2<\/td><td class=\"data-f sp-highlight\" data-label=\"F\">0<\/td><td class=\"data-bp sp-highlight\" data-label=\"BP\">10<\/td><td class=\"data-bc sp-highlight\" data-label=\"BC\">15<\/td><td class=\"data-dif sp-highlight\" data-label=\"Dif\">-5<\/td><\/tr><\/tbody><\/table><\/div><\/div>\n<\/div>\n","protected":false},"excerpt":{"rendered":"<p>Phase Pr\u00e9liminaire &#8211; Poule G Quarts de finale de conf\u00e9rence &#8211; S\u00e9rie 6<\/p>\n","protected":false},"author":199,"featured_media":0,"parent":0,"menu_order":0,"comment_status":"open","ping_status":"open","template":"","meta":[],"_links":{"self":[{"href":"http:\/\/hockey.roller-rop.fr\/index.php?rest_route=\/wp\/v2\/pages\/2104"}],"collection":[{"href":"http:\/\/hockey.roller-rop.fr\/index.php?rest_route=\/wp\/v2\/pages"}],"about":[{"href":"http:\/\/hockey.roller-rop.fr\/index.php?rest_route=\/wp\/v2\/types\/page"}],"author":[{"embeddable":true,"href":"http:\/\/hockey.roller-rop.fr\/index.php?rest_route=\/wp\/v2\/users\/199"}],"replies":[{"embeddable":true,"href":"http:\/\/hockey.roller-rop.fr\/index.php?rest_route=%2Fwp%2Fv2%2Fcomments&post=2104"}],"version-history":[{"count":1,"href":"http:\/\/hockey.roller-rop.fr\/index.php?rest_route=\/wp\/v2\/pages\/2104\/revisions"}],"predecessor-version":[{"id":2105,"href":"http:\/\/hockey.roller-rop.fr\/index.php?rest_route=\/wp\/v2\/pages\/2104\/revisions\/2105"}],"wp:attachment":[{"href":"http:\/\/hockey.roller-rop.fr\/index.php?rest_route=%2Fwp%2Fv2%2Fmedia&parent=2104"}],"curies":[{"name":"wp","href":"https:\/\/api.w.org\/{rel}","templated":true}]}}