	{"id":2167,"date":"2015-09-30T11:41:08","date_gmt":"2015-09-30T10:41:08","guid":{"rendered":"http:\/\/hockey.www.roller-rop.fr\/?page_id=2167"},"modified":"2016-09-01T10:18:04","modified_gmt":"2016-09-01T09:18:04","slug":"calendrier-pre-nationale-2015-2016","status":"publish","type":"page","link":"http:\/\/hockey.roller-rop.fr\/?page_id=2167","title":{"rendered":"R\u00e9sultats Pr\u00e9-Nationale 2015-2016"},"content":{"rendered":"<div class=\"sportspress\"><div class=\"sp-template sp-template-event-blocks\">\n\t<div class=\"sp-table-wrapper\">\n\t\t<table class=\"sp-event-blocks sp-data-table\n\t\t\" data-sp-rows=\"12\">\n\t\t\t<thead><tr><th><\/th><\/tr><\/thead> \t\t\t<tbody>\n\t\t\t\t\t\t\t\t\t<tr class=\"sp-row sp-post alternate\" itemscope itemtype=\"http:\/\/schema.org\/SportsEvent\">\n\t\t\t\t\t\t<td>\n\t\t\t\t\t\t\t\t\t\t\t\t\t\t<span class=\"team-logo logo-odd\" title=\"Les Squales de Rez\u00e9 &#8211; PN\"><img width=\"128\" height=\"117\" src=\"http:\/\/hockey.roller-rop.fr\/wp-content\/uploads\/sites\/7\/2019\/06\/logo-squales-noirs-128x117.png\" class=\"attachment-sportspress-fit-icon size-sportspress-fit-icon wp-post-image\" alt=\"\" loading=\"lazy\" \/><\/span> <span class=\"team-logo logo-even\" title=\"Les Hawks d&rsquo;Angers &#8211; PN\"><img width=\"104\" height=\"128\" src=\"http:\/\/hockey.roller-rop.fr\/wp-content\/uploads\/sites\/7\/2015\/07\/logo-angers.png\" class=\"attachment-sportspress-fit-icon size-sportspress-fit-icon wp-post-image\" alt=\"\" loading=\"lazy\" \/><\/span>\t\t\t\t\t\t\t<time class=\"sp-event-date\" datetime=\"2015-10-03 18:00:34\" itemprop=\"startDate\" content=\"2015-10-03T18:00+01:00\">\n\t\t\t\t\t\t\t\t<a href=\"http:\/\/hockey.roller-rop.fr\/?sp_event=2125\">3 octobre 2015<\/a>\t\t\t\t\t\t\t<\/time>\n\t\t\t\t\t\t\t\t\t\t\t\t\t\t<h5 class=\"sp-event-results\">\n\t\t\t\t\t\t\t\t<a href=\"http:\/\/hockey.roller-rop.fr\/?sp_event=2125\"><span class=\"sp-result \">5<\/span> - <span class=\"sp-result\">1<\/span><\/a>\t\t\t\t\t\t\t<\/h5>\n\t\t\t\t\t\t\t\t\t\t\t\t\t\t\t<div class=\"sp-event-league\">Pays de Loire<\/div>\n\t\t\t\t\t\t\t\t\t\t\t\t\t\t\t\t\t\t\t\t\t\t\t\t\t\t\t\t\t\t\t\t\t\t\t\t\t\t\t\t\t\t\t\t<div style=\"display:none;\" class=\"sp-event-venue\" itemprop=\"location\" itemscope itemtype=\"http:\/\/schema.org\/Place\"><div itemprop=\"address\" itemscope itemtype=\"http:\/\/schema.org\/PostalAddress\">N\/C<\/div><\/div>\n\t\t\t\t\t\t\t\t\t\t\t\t\t\t<h4 class=\"sp-event-title\" itemprop=\"name\">\n\t\t\t\t\t\t\t\t<a href=\"http:\/\/hockey.roller-rop.fr\/?sp_event=2125\">Les Squales de Rez\u00e9 vs Les Hawks d'Angers<\/a>\t\t\t\t\t\t\t<\/h4>\n\t\t\t\t\t\t\t\n\t\t\t\t\t\t<\/td>\n\t\t\t\t\t<\/tr>\n\t\t\t\t\t\t\t\t\t\t<tr class=\"sp-row sp-post\" itemscope itemtype=\"http:\/\/schema.org\/SportsEvent\">\n\t\t\t\t\t\t<td>\n\t\t\t\t\t\t\t\t\t\t\t\t\t\t<span class=\"team-logo logo-odd\" title=\"Les Squales de Rez\u00e9 &#8211; PN\"><img width=\"128\" height=\"117\" src=\"http:\/\/hockey.roller-rop.fr\/wp-content\/uploads\/sites\/7\/2019\/06\/logo-squales-noirs-128x117.png\" class=\"attachment-sportspress-fit-icon size-sportspress-fit-icon wp-post-image\" alt=\"\" loading=\"lazy\" \/><\/span> <span class=\"team-logo logo-even\" title=\"Les Tigres de La Gu\u00e9rini\u00e8re\"><img width=\"85\" height=\"128\" src=\"http:\/\/hockey.roller-rop.fr\/wp-content\/uploads\/sites\/7\/2015\/08\/logo-gueriniere.png\" class=\"attachment-sportspress-fit-icon size-sportspress-fit-icon wp-post-image\" alt=\"\" loading=\"lazy\" \/><\/span>\t\t\t\t\t\t\t<time class=\"sp-event-date\" datetime=\"2015-10-24 18:00:46\" itemprop=\"startDate\" content=\"2015-10-24T18:00+01:00\">\n\t\t\t\t\t\t\t\t<a href=\"http:\/\/hockey.roller-rop.fr\/?sp_event=2131\">24 octobre 2015<\/a>\t\t\t\t\t\t\t<\/time>\n\t\t\t\t\t\t\t\t\t\t\t\t\t\t<h5 class=\"sp-event-results\">\n\t\t\t\t\t\t\t\t<a href=\"http:\/\/hockey.roller-rop.fr\/?sp_event=2131\"><span class=\"sp-result \">15<\/span> - <span class=\"sp-result\">9<\/span><\/a>\t\t\t\t\t\t\t<\/h5>\n\t\t\t\t\t\t\t\t\t\t\t\t\t\t\t<div class=\"sp-event-league\">Pays de Loire<\/div>\n\t\t\t\t\t\t\t\t\t\t\t\t\t\t\t\t\t\t\t\t\t\t\t\t\t\t\t\t\t\t\t\t\t\t\t\t\t\t\t\t\t\t\t\t<div style=\"display:none;\" class=\"sp-event-venue\" itemprop=\"location\" itemscope itemtype=\"http:\/\/schema.org\/Place\"><div itemprop=\"address\" itemscope itemtype=\"http:\/\/schema.org\/PostalAddress\">N\/C<\/div><\/div>\n\t\t\t\t\t\t\t\t\t\t\t\t\t\t<h4 class=\"sp-event-title\" itemprop=\"name\">\n\t\t\t\t\t\t\t\t<a href=\"http:\/\/hockey.roller-rop.fr\/?sp_event=2131\">Les Squales de Rez\u00e9 vs Les Tigres de La Gu\u00e9rini\u00e8re<\/a>\t\t\t\t\t\t\t<\/h4>\n\t\t\t\t\t\t\t\n\t\t\t\t\t\t<\/td>\n\t\t\t\t\t<\/tr>\n\t\t\t\t\t\t\t\t\t\t<tr class=\"sp-row sp-post alternate\" itemscope itemtype=\"http:\/\/schema.org\/SportsEvent\">\n\t\t\t\t\t\t<td>\n\t\t\t\t\t\t\t\t\t\t\t\t\t\t<span class=\"team-logo logo-odd\" title=\"Les Grizzlis de Ch\u00e2teaubriant\"><img width=\"128\" height=\"96\" src=\"http:\/\/hockey.roller-rop.fr\/wp-content\/uploads\/sites\/7\/2015\/08\/logo-chateaubriant.png\" class=\"attachment-sportspress-fit-icon size-sportspress-fit-icon wp-post-image\" alt=\"\" loading=\"lazy\" \/><\/span> <span class=\"team-logo logo-even\" title=\"Les Squales de Rez\u00e9 &#8211; PN\"><img width=\"128\" height=\"117\" src=\"http:\/\/hockey.roller-rop.fr\/wp-content\/uploads\/sites\/7\/2019\/06\/logo-squales-noirs-128x117.png\" class=\"attachment-sportspress-fit-icon size-sportspress-fit-icon wp-post-image\" alt=\"\" loading=\"lazy\" \/><\/span>\t\t\t\t\t\t\t<time class=\"sp-event-date\" datetime=\"2015-11-21 20:30:56\" itemprop=\"startDate\" content=\"2015-11-21T20:30+01:00\">\n\t\t\t\t\t\t\t\t<a href=\"http:\/\/hockey.roller-rop.fr\/?sp_event=2136\">21 novembre 2015<\/a>\t\t\t\t\t\t\t<\/time>\n\t\t\t\t\t\t\t\t\t\t\t\t\t\t<h5 class=\"sp-event-results\">\n\t\t\t\t\t\t\t\t<a href=\"http:\/\/hockey.roller-rop.fr\/?sp_event=2136\"><span class=\"sp-result \">2<\/span> - <span class=\"sp-result\">14<\/span><\/a>\t\t\t\t\t\t\t<\/h5>\n\t\t\t\t\t\t\t\t\t\t\t\t\t\t\t<div class=\"sp-event-league\">Pays de Loire<\/div>\n\t\t\t\t\t\t\t\t\t\t\t\t\t\t\t\t\t\t\t\t\t\t\t\t\t\t\t\t\t\t\t\t\t\t\t\t\t\t\t\t\t\t\t\t<div style=\"display:none;\" class=\"sp-event-venue\" itemprop=\"location\" itemscope itemtype=\"http:\/\/schema.org\/Place\"><div itemprop=\"address\" itemscope itemtype=\"http:\/\/schema.org\/PostalAddress\">N\/C<\/div><\/div>\n\t\t\t\t\t\t\t\t\t\t\t\t\t\t<h4 class=\"sp-event-title\" itemprop=\"name\">\n\t\t\t\t\t\t\t\t<a href=\"http:\/\/hockey.roller-rop.fr\/?sp_event=2136\">Les Grizzlis de Ch\u00e2teaubriant vs Les Squales de Rez\u00e9<\/a>\t\t\t\t\t\t\t<\/h4>\n\t\t\t\t\t\t\t\n\t\t\t\t\t\t<\/td>\n\t\t\t\t\t<\/tr>\n\t\t\t\t\t\t\t\t\t\t<tr class=\"sp-row sp-post\" itemscope itemtype=\"http:\/\/schema.org\/SportsEvent\">\n\t\t\t\t\t\t<td>\n\t\t\t\t\t\t\t\t\t\t\t\t\t\t<span class=\"team-logo logo-odd\" title=\"Les Phacoch\u00e8res de Nantes\"><img width=\"128\" height=\"128\" src=\"http:\/\/hockey.roller-rop.fr\/wp-content\/uploads\/sites\/7\/2023\/07\/Logo-Phacocheres-128x128.png\" class=\"attachment-sportspress-fit-icon size-sportspress-fit-icon wp-post-image\" alt=\"\" loading=\"lazy\" \/><\/span> <span class=\"team-logo logo-even\" title=\"Les Squales de Rez\u00e9 &#8211; PN\"><img width=\"128\" height=\"117\" src=\"http:\/\/hockey.roller-rop.fr\/wp-content\/uploads\/sites\/7\/2019\/06\/logo-squales-noirs-128x117.png\" class=\"attachment-sportspress-fit-icon size-sportspress-fit-icon wp-post-image\" alt=\"\" loading=\"lazy\" \/><\/span>\t\t\t\t\t\t\t<time class=\"sp-event-date\" datetime=\"2015-12-06 11:00:25\" itemprop=\"startDate\" content=\"2015-12-06T11:00+01:00\">\n\t\t\t\t\t\t\t\t<a href=\"http:\/\/hockey.roller-rop.fr\/?sp_event=2141\">6 d\u00e9cembre 2015<\/a>\t\t\t\t\t\t\t<\/time>\n\t\t\t\t\t\t\t\t\t\t\t\t\t\t<h5 class=\"sp-event-results\">\n\t\t\t\t\t\t\t\t<a href=\"http:\/\/hockey.roller-rop.fr\/?sp_event=2141\"><span class=\"sp-result \">11<\/span> - <span class=\"sp-result\">5<\/span><\/a>\t\t\t\t\t\t\t<\/h5>\n\t\t\t\t\t\t\t\t\t\t\t\t\t\t\t<div class=\"sp-event-league\">Pays de Loire<\/div>\n\t\t\t\t\t\t\t\t\t\t\t\t\t\t\t\t\t\t\t\t\t\t\t\t\t\t\t\t\t\t\t\t\t\t\t\t\t\t\t\t\t\t\t\t<div style=\"display:none;\" class=\"sp-event-venue\" itemprop=\"location\" itemscope itemtype=\"http:\/\/schema.org\/Place\"><div itemprop=\"address\" itemscope itemtype=\"http:\/\/schema.org\/PostalAddress\">N\/C<\/div><\/div>\n\t\t\t\t\t\t\t\t\t\t\t\t\t\t<h4 class=\"sp-event-title\" itemprop=\"name\">\n\t\t\t\t\t\t\t\t<a href=\"http:\/\/hockey.roller-rop.fr\/?sp_event=2141\">Les Phacoch\u00e8res de Nantes vs Les Squales de Rez\u00e9<\/a>\t\t\t\t\t\t\t<\/h4>\n\t\t\t\t\t\t\t\n\t\t\t\t\t\t<\/td>\n\t\t\t\t\t<\/tr>\n\t\t\t\t\t\t\t\t\t\t<tr class=\"sp-row sp-post alternate\" itemscope itemtype=\"http:\/\/schema.org\/SportsEvent\">\n\t\t\t\t\t\t<td>\n\t\t\t\t\t\t\t\t\t\t\t\t\t\t<span class=\"team-logo logo-odd\" title=\"Les Griffiers de Marcill\u00e9\"><img width=\"128\" height=\"111\" src=\"http:\/\/hockey.roller-rop.fr\/wp-content\/uploads\/sites\/7\/2015\/08\/logo-marcille.png\" class=\"attachment-sportspress-fit-icon size-sportspress-fit-icon wp-post-image\" alt=\"\" loading=\"lazy\" \/><\/span> <span class=\"team-logo logo-even\" title=\"Les Squales de Rez\u00e9 &#8211; PN\"><img width=\"128\" height=\"117\" src=\"http:\/\/hockey.roller-rop.fr\/wp-content\/uploads\/sites\/7\/2019\/06\/logo-squales-noirs-128x117.png\" class=\"attachment-sportspress-fit-icon size-sportspress-fit-icon wp-post-image\" alt=\"\" loading=\"lazy\" \/><\/span>\t\t\t\t\t\t\t<time class=\"sp-event-date\" datetime=\"2015-12-12 18:00:22\" itemprop=\"startDate\" content=\"2015-12-12T18:00+01:00\">\n\t\t\t\t\t\t\t\t<a href=\"http:\/\/hockey.roller-rop.fr\/?sp_event=2143\">12 d\u00e9cembre 2015<\/a>\t\t\t\t\t\t\t<\/time>\n\t\t\t\t\t\t\t\t\t\t\t\t\t\t<h5 class=\"sp-event-results\">\n\t\t\t\t\t\t\t\t<a href=\"http:\/\/hockey.roller-rop.fr\/?sp_event=2143\"><span class=\"sp-result \">0<\/span> - <span class=\"sp-result\">5<\/span><\/a>\t\t\t\t\t\t\t<\/h5>\n\t\t\t\t\t\t\t\t\t\t\t\t\t\t\t<div class=\"sp-event-league\">Pays de Loire<\/div>\n\t\t\t\t\t\t\t\t\t\t\t\t\t\t\t\t\t\t\t\t\t\t\t\t\t\t\t\t\t\t\t\t\t\t\t\t\t\t\t\t\t\t\t\t<div style=\"display:none;\" class=\"sp-event-venue\" itemprop=\"location\" itemscope itemtype=\"http:\/\/schema.org\/Place\"><div itemprop=\"address\" itemscope itemtype=\"http:\/\/schema.org\/PostalAddress\">N\/C<\/div><\/div>\n\t\t\t\t\t\t\t\t\t\t\t\t\t\t<h4 class=\"sp-event-title\" itemprop=\"name\">\n\t\t\t\t\t\t\t\t<a href=\"http:\/\/hockey.roller-rop.fr\/?sp_event=2143\">Les Griffiers de Marcill\u00e9 vs Les Squales de Rez\u00e9<\/a>\t\t\t\t\t\t\t<\/h4>\n\t\t\t\t\t\t\t\n\t\t\t\t\t\t<\/td>\n\t\t\t\t\t<\/tr>\n\t\t\t\t\t\t\t\t\t\t<tr class=\"sp-row sp-post\" itemscope itemtype=\"http:\/\/schema.org\/SportsEvent\">\n\t\t\t\t\t\t<td>\n\t\t\t\t\t\t\t\t\t\t\t\t\t\t<span class=\"team-logo logo-odd\" title=\"Les Squales de Rez\u00e9 &#8211; PN\"><img width=\"128\" height=\"117\" src=\"http:\/\/hockey.roller-rop.fr\/wp-content\/uploads\/sites\/7\/2019\/06\/logo-squales-noirs-128x117.png\" class=\"attachment-sportspress-fit-icon size-sportspress-fit-icon wp-post-image\" alt=\"\" loading=\"lazy\" \/><\/span> <span class=\"team-logo logo-even\" title=\"Les Chiefs de Loire Divatte\"><img width=\"128\" height=\"79\" src=\"http:\/\/hockey.roller-rop.fr\/wp-content\/uploads\/sites\/7\/2015\/09\/logo-loire-divatte-128x79.png\" class=\"attachment-sportspress-fit-icon size-sportspress-fit-icon wp-post-image\" alt=\"\" loading=\"lazy\" \/><\/span>\t\t\t\t\t\t\t<time class=\"sp-event-date\" datetime=\"2016-01-09 18:00:10\" itemprop=\"startDate\" content=\"2016-01-09T18:00+01:00\">\n\t\t\t\t\t\t\t\t<a href=\"http:\/\/hockey.roller-rop.fr\/?sp_event=2133\">9 janvier 2016<\/a>\t\t\t\t\t\t\t<\/time>\n\t\t\t\t\t\t\t\t\t\t\t\t\t\t<h5 class=\"sp-event-results\">\n\t\t\t\t\t\t\t\t<a href=\"http:\/\/hockey.roller-rop.fr\/?sp_event=2133\"><span class=\"sp-result \">2<\/span> - <span class=\"sp-result\">4<\/span><\/a>\t\t\t\t\t\t\t<\/h5>\n\t\t\t\t\t\t\t\t\t\t\t\t\t\t\t<div class=\"sp-event-league\">Pays de Loire<\/div>\n\t\t\t\t\t\t\t\t\t\t\t\t\t\t\t\t\t\t\t\t\t\t\t\t\t\t\t\t\t\t\t\t\t\t\t\t\t\t\t\t\t\t\t\t<div style=\"display:none;\" class=\"sp-event-venue\" itemprop=\"location\" itemscope itemtype=\"http:\/\/schema.org\/Place\"><div itemprop=\"address\" itemscope itemtype=\"http:\/\/schema.org\/PostalAddress\">N\/C<\/div><\/div>\n\t\t\t\t\t\t\t\t\t\t\t\t\t\t<h4 class=\"sp-event-title\" itemprop=\"name\">\n\t\t\t\t\t\t\t\t<a href=\"http:\/\/hockey.roller-rop.fr\/?sp_event=2133\">Les Squales de Rez\u00e9 vs Les Chiefs de Loire Divatte<\/a>\t\t\t\t\t\t\t<\/h4>\n\t\t\t\t\t\t\t\n\t\t\t\t\t\t<\/td>\n\t\t\t\t\t<\/tr>\n\t\t\t\t\t\t\t\t\t\t<tr class=\"sp-row sp-post alternate\" itemscope itemtype=\"http:\/\/schema.org\/SportsEvent\">\n\t\t\t\t\t\t<td>\n\t\t\t\t\t\t\t\t\t\t\t\t\t\t<span class=\"team-logo logo-odd\" title=\"Les Hawks d&rsquo;Angers &#8211; PN\"><img width=\"104\" height=\"128\" src=\"http:\/\/hockey.roller-rop.fr\/wp-content\/uploads\/sites\/7\/2015\/07\/logo-angers.png\" class=\"attachment-sportspress-fit-icon size-sportspress-fit-icon wp-post-image\" alt=\"\" loading=\"lazy\" \/><\/span> <span class=\"team-logo logo-even\" title=\"Les Squales de Rez\u00e9 &#8211; PN\"><img width=\"128\" height=\"117\" src=\"http:\/\/hockey.roller-rop.fr\/wp-content\/uploads\/sites\/7\/2019\/06\/logo-squales-noirs-128x117.png\" class=\"attachment-sportspress-fit-icon size-sportspress-fit-icon wp-post-image\" alt=\"\" loading=\"lazy\" \/><\/span>\t\t\t\t\t\t\t<time class=\"sp-event-date\" datetime=\"2016-01-17 14:00:50\" itemprop=\"startDate\" content=\"2016-01-17T14:00+01:00\">\n\t\t\t\t\t\t\t\t<a href=\"http:\/\/hockey.roller-rop.fr\/?sp_event=2147\">17 janvier 2016<\/a>\t\t\t\t\t\t\t<\/time>\n\t\t\t\t\t\t\t\t\t\t\t\t\t\t<h5 class=\"sp-event-results\">\n\t\t\t\t\t\t\t\t<a href=\"http:\/\/hockey.roller-rop.fr\/?sp_event=2147\"><span class=\"sp-result \">3<\/span> - <span class=\"sp-result\">2<\/span><\/a>\t\t\t\t\t\t\t<\/h5>\n\t\t\t\t\t\t\t\t\t\t\t\t\t\t\t<div class=\"sp-event-league\">Pays de Loire<\/div>\n\t\t\t\t\t\t\t\t\t\t\t\t\t\t\t\t\t\t\t\t\t\t\t\t\t\t\t\t\t\t\t\t\t\t\t\t\t\t\t\t\t\t\t\t<div style=\"display:none;\" class=\"sp-event-venue\" itemprop=\"location\" itemscope itemtype=\"http:\/\/schema.org\/Place\"><div itemprop=\"address\" itemscope itemtype=\"http:\/\/schema.org\/PostalAddress\">N\/C<\/div><\/div>\n\t\t\t\t\t\t\t\t\t\t\t\t\t\t<h4 class=\"sp-event-title\" itemprop=\"name\">\n\t\t\t\t\t\t\t\t<a href=\"http:\/\/hockey.roller-rop.fr\/?sp_event=2147\">Les Hawks d'Angers vs Les Squales de Rez\u00e9<\/a>\t\t\t\t\t\t\t<\/h4>\n\t\t\t\t\t\t\t\n\t\t\t\t\t\t<\/td>\n\t\t\t\t\t<\/tr>\n\t\t\t\t\t\t\t\t\t\t<tr class=\"sp-row sp-post\" itemscope itemtype=\"http:\/\/schema.org\/SportsEvent\">\n\t\t\t\t\t\t<td>\n\t\t\t\t\t\t\t\t\t\t\t\t\t\t<span class=\"team-logo logo-odd\" title=\"Les Tigres de La Gu\u00e9rini\u00e8re\"><img width=\"85\" height=\"128\" src=\"http:\/\/hockey.roller-rop.fr\/wp-content\/uploads\/sites\/7\/2015\/08\/logo-gueriniere.png\" class=\"attachment-sportspress-fit-icon size-sportspress-fit-icon wp-post-image\" alt=\"\" loading=\"lazy\" \/><\/span> <span class=\"team-logo logo-even\" title=\"Les Squales de Rez\u00e9 &#8211; PN\"><img width=\"128\" height=\"117\" src=\"http:\/\/hockey.roller-rop.fr\/wp-content\/uploads\/sites\/7\/2019\/06\/logo-squales-noirs-128x117.png\" class=\"attachment-sportspress-fit-icon size-sportspress-fit-icon wp-post-image\" alt=\"\" loading=\"lazy\" \/><\/span>\t\t\t\t\t\t\t<time class=\"sp-event-date\" datetime=\"2016-01-31 14:00:52\" itemprop=\"startDate\" content=\"2016-01-31T14:00+01:00\">\n\t\t\t\t\t\t\t\t<a href=\"http:\/\/hockey.roller-rop.fr\/?sp_event=2150\">31 janvier 2016<\/a>\t\t\t\t\t\t\t<\/time>\n\t\t\t\t\t\t\t\t\t\t\t\t\t\t<h5 class=\"sp-event-results\">\n\t\t\t\t\t\t\t\t<a href=\"http:\/\/hockey.roller-rop.fr\/?sp_event=2150\"><span class=\"sp-result \">3<\/span> - <span class=\"sp-result\">11<\/span><\/a>\t\t\t\t\t\t\t<\/h5>\n\t\t\t\t\t\t\t\t\t\t\t\t\t\t\t<div class=\"sp-event-league\">Pays de Loire<\/div>\n\t\t\t\t\t\t\t\t\t\t\t\t\t\t\t\t\t\t\t\t\t\t\t\t\t\t\t\t\t\t\t\t\t\t\t\t\t\t\t\t\t\t\t\t<div style=\"display:none;\" class=\"sp-event-venue\" itemprop=\"location\" itemscope itemtype=\"http:\/\/schema.org\/Place\"><div itemprop=\"address\" itemscope itemtype=\"http:\/\/schema.org\/PostalAddress\">N\/C<\/div><\/div>\n\t\t\t\t\t\t\t\t\t\t\t\t\t\t<h4 class=\"sp-event-title\" itemprop=\"name\">\n\t\t\t\t\t\t\t\t<a href=\"http:\/\/hockey.roller-rop.fr\/?sp_event=2150\">Les Tigres de La Gu\u00e9rini\u00e8re vs Les Squales de Rez\u00e9<\/a>\t\t\t\t\t\t\t<\/h4>\n\t\t\t\t\t\t\t\n\t\t\t\t\t\t<\/td>\n\t\t\t\t\t<\/tr>\n\t\t\t\t\t\t\t\t\t\t<tr class=\"sp-row sp-post alternate\" itemscope itemtype=\"http:\/\/schema.org\/SportsEvent\">\n\t\t\t\t\t\t<td>\n\t\t\t\t\t\t\t\t\t\t\t\t\t\t<span class=\"team-logo logo-odd\" title=\"Les Squales de Rez\u00e9 &#8211; PN\"><img width=\"128\" height=\"117\" src=\"http:\/\/hockey.roller-rop.fr\/wp-content\/uploads\/sites\/7\/2019\/06\/logo-squales-noirs-128x117.png\" class=\"attachment-sportspress-fit-icon size-sportspress-fit-icon wp-post-image\" alt=\"\" loading=\"lazy\" \/><\/span> <span class=\"team-logo logo-even\" title=\"Les Phacoch\u00e8res de Nantes\"><img width=\"128\" height=\"128\" src=\"http:\/\/hockey.roller-rop.fr\/wp-content\/uploads\/sites\/7\/2023\/07\/Logo-Phacocheres-128x128.png\" class=\"attachment-sportspress-fit-icon size-sportspress-fit-icon wp-post-image\" alt=\"\" loading=\"lazy\" \/><\/span>\t\t\t\t\t\t\t<time class=\"sp-event-date\" datetime=\"2016-02-27 18:00:40\" itemprop=\"startDate\" content=\"2016-02-27T18:00+01:00\">\n\t\t\t\t\t\t\t\t<a href=\"http:\/\/hockey.roller-rop.fr\/?sp_event=2152\">27 f\u00e9vrier 2016<\/a>\t\t\t\t\t\t\t<\/time>\n\t\t\t\t\t\t\t\t\t\t\t\t\t\t<h5 class=\"sp-event-results\">\n\t\t\t\t\t\t\t\t<a href=\"http:\/\/hockey.roller-rop.fr\/?sp_event=2152\"><span class=\"sp-result \">2<\/span> - <span class=\"sp-result\">7<\/span><\/a>\t\t\t\t\t\t\t<\/h5>\n\t\t\t\t\t\t\t\t\t\t\t\t\t\t\t<div class=\"sp-event-league\">Pays de Loire<\/div>\n\t\t\t\t\t\t\t\t\t\t\t\t\t\t\t\t\t\t\t\t\t\t\t\t\t\t\t\t\t\t\t\t\t\t\t\t\t\t\t\t\t\t\t\t<div style=\"display:none;\" class=\"sp-event-venue\" itemprop=\"location\" itemscope itemtype=\"http:\/\/schema.org\/Place\"><div itemprop=\"address\" itemscope itemtype=\"http:\/\/schema.org\/PostalAddress\">N\/C<\/div><\/div>\n\t\t\t\t\t\t\t\t\t\t\t\t\t\t<h4 class=\"sp-event-title\" itemprop=\"name\">\n\t\t\t\t\t\t\t\t<a href=\"http:\/\/hockey.roller-rop.fr\/?sp_event=2152\">Les Squales de Rez\u00e9 vs Les Phacoch\u00e8res de Nantes<\/a>\t\t\t\t\t\t\t<\/h4>\n\t\t\t\t\t\t\t\n\t\t\t\t\t\t<\/td>\n\t\t\t\t\t<\/tr>\n\t\t\t\t\t\t\t\t\t\t<tr class=\"sp-row sp-post\" itemscope itemtype=\"http:\/\/schema.org\/SportsEvent\">\n\t\t\t\t\t\t<td>\n\t\t\t\t\t\t\t\t\t\t\t\t\t\t<span class=\"team-logo logo-odd\" title=\"Les Squales de Rez\u00e9 &#8211; PN\"><img width=\"128\" height=\"117\" src=\"http:\/\/hockey.roller-rop.fr\/wp-content\/uploads\/sites\/7\/2019\/06\/logo-squales-noirs-128x117.png\" class=\"attachment-sportspress-fit-icon size-sportspress-fit-icon wp-post-image\" alt=\"\" loading=\"lazy\" \/><\/span> <span class=\"team-logo logo-even\" title=\"Les Griffiers de Marcill\u00e9\"><img width=\"128\" height=\"111\" src=\"http:\/\/hockey.roller-rop.fr\/wp-content\/uploads\/sites\/7\/2015\/08\/logo-marcille.png\" class=\"attachment-sportspress-fit-icon size-sportspress-fit-icon wp-post-image\" alt=\"\" loading=\"lazy\" \/><\/span>\t\t\t\t\t\t\t<time class=\"sp-event-date\" datetime=\"2016-03-05 19:30:24\" itemprop=\"startDate\" content=\"2016-03-05T19:30+01:00\">\n\t\t\t\t\t\t\t\t<a href=\"http:\/\/hockey.roller-rop.fr\/?sp_event=2154\">5 mars 2016<\/a>\t\t\t\t\t\t\t<\/time>\n\t\t\t\t\t\t\t\t\t\t\t\t\t\t<h5 class=\"sp-event-results\">\n\t\t\t\t\t\t\t\t<a href=\"http:\/\/hockey.roller-rop.fr\/?sp_event=2154\"><span class=\"sp-result \">13<\/span> - <span class=\"sp-result\">1<\/span><\/a>\t\t\t\t\t\t\t<\/h5>\n\t\t\t\t\t\t\t\t\t\t\t\t\t\t\t<div class=\"sp-event-league\">Pays de Loire<\/div>\n\t\t\t\t\t\t\t\t\t\t\t\t\t\t\t\t\t\t\t\t\t\t\t\t\t\t\t\t\t\t\t\t\t\t\t\t\t\t\t\t\t\t\t\t<div style=\"display:none;\" class=\"sp-event-venue\" itemprop=\"location\" itemscope itemtype=\"http:\/\/schema.org\/Place\"><div itemprop=\"address\" itemscope itemtype=\"http:\/\/schema.org\/PostalAddress\">N\/C<\/div><\/div>\n\t\t\t\t\t\t\t\t\t\t\t\t\t\t<h4 class=\"sp-event-title\" itemprop=\"name\">\n\t\t\t\t\t\t\t\t<a href=\"http:\/\/hockey.roller-rop.fr\/?sp_event=2154\">Les Squales de Rez\u00e9 vs Les Griffiers de Marcill\u00e9<\/a>\t\t\t\t\t\t\t<\/h4>\n\t\t\t\t\t\t\t\n\t\t\t\t\t\t<\/td>\n\t\t\t\t\t<\/tr>\n\t\t\t\t\t\t\t\t\t\t<tr class=\"sp-row sp-post alternate\" itemscope itemtype=\"http:\/\/schema.org\/SportsEvent\">\n\t\t\t\t\t\t<td>\n\t\t\t\t\t\t\t\t\t\t\t\t\t\t<span class=\"team-logo logo-odd\" title=\"Les Squales de Rez\u00e9 &#8211; PN\"><img width=\"128\" height=\"117\" src=\"http:\/\/hockey.roller-rop.fr\/wp-content\/uploads\/sites\/7\/2019\/06\/logo-squales-noirs-128x117.png\" class=\"attachment-sportspress-fit-icon size-sportspress-fit-icon wp-post-image\" alt=\"\" loading=\"lazy\" \/><\/span> <span class=\"team-logo logo-even\" title=\"Les Grizzlis de Ch\u00e2teaubriant\"><img width=\"128\" height=\"96\" src=\"http:\/\/hockey.roller-rop.fr\/wp-content\/uploads\/sites\/7\/2015\/08\/logo-chateaubriant.png\" class=\"attachment-sportspress-fit-icon size-sportspress-fit-icon wp-post-image\" alt=\"\" loading=\"lazy\" \/><\/span>\t\t\t\t\t\t\t<time class=\"sp-event-date\" datetime=\"2016-03-12 18:00:58\" itemprop=\"startDate\" content=\"2016-03-12T18:00+01:00\">\n\t\t\t\t\t\t\t\t<a href=\"http:\/\/hockey.roller-rop.fr\/?sp_event=2157\">12 mars 2016<\/a>\t\t\t\t\t\t\t<\/time>\n\t\t\t\t\t\t\t\t\t\t\t\t\t\t<h5 class=\"sp-event-results\">\n\t\t\t\t\t\t\t\t<a href=\"http:\/\/hockey.roller-rop.fr\/?sp_event=2157\"><span class=\"sp-result \">4<\/span> - <span class=\"sp-result\">3<\/span><\/a>\t\t\t\t\t\t\t<\/h5>\n\t\t\t\t\t\t\t\t\t\t\t\t\t\t\t<div class=\"sp-event-league\">Pays de Loire<\/div>\n\t\t\t\t\t\t\t\t\t\t\t\t\t\t\t\t\t\t\t\t\t\t\t\t\t\t\t\t\t\t\t\t\t\t\t\t\t\t\t\t\t\t\t\t<div style=\"display:none;\" class=\"sp-event-venue\" itemprop=\"location\" itemscope itemtype=\"http:\/\/schema.org\/Place\"><div itemprop=\"address\" itemscope itemtype=\"http:\/\/schema.org\/PostalAddress\">N\/C<\/div><\/div>\n\t\t\t\t\t\t\t\t\t\t\t\t\t\t<h4 class=\"sp-event-title\" itemprop=\"name\">\n\t\t\t\t\t\t\t\t<a href=\"http:\/\/hockey.roller-rop.fr\/?sp_event=2157\">Les Squales de Rez\u00e9 vs Les Grizzlis de Ch\u00e2teaubriant<\/a>\t\t\t\t\t\t\t<\/h4>\n\t\t\t\t\t\t\t\n\t\t\t\t\t\t<\/td>\n\t\t\t\t\t<\/tr>\n\t\t\t\t\t\t\t\t\t\t<tr class=\"sp-row sp-post\" itemscope itemtype=\"http:\/\/schema.org\/SportsEvent\">\n\t\t\t\t\t\t<td>\n\t\t\t\t\t\t\t\t\t\t\t\t\t\t<span class=\"team-logo logo-odd\" title=\"Les Chiefs de Loire Divatte\"><img width=\"128\" height=\"79\" src=\"http:\/\/hockey.roller-rop.fr\/wp-content\/uploads\/sites\/7\/2015\/09\/logo-loire-divatte-128x79.png\" class=\"attachment-sportspress-fit-icon size-sportspress-fit-icon wp-post-image\" alt=\"\" loading=\"lazy\" \/><\/span> <span class=\"team-logo logo-even\" title=\"Les Squales de Rez\u00e9 &#8211; PN\"><img width=\"128\" height=\"117\" src=\"http:\/\/hockey.roller-rop.fr\/wp-content\/uploads\/sites\/7\/2019\/06\/logo-squales-noirs-128x117.png\" class=\"attachment-sportspress-fit-icon size-sportspress-fit-icon wp-post-image\" alt=\"\" loading=\"lazy\" \/><\/span>\t\t\t\t\t\t\t<time class=\"sp-event-date\" datetime=\"2016-03-26 18:00:14\" itemprop=\"startDate\" content=\"2016-03-26T18:00+01:00\">\n\t\t\t\t\t\t\t\t<a href=\"http:\/\/hockey.roller-rop.fr\/?sp_event=2163\">26 mars 2016<\/a>\t\t\t\t\t\t\t<\/time>\n\t\t\t\t\t\t\t\t\t\t\t\t\t\t<h5 class=\"sp-event-results\">\n\t\t\t\t\t\t\t\t<a href=\"http:\/\/hockey.roller-rop.fr\/?sp_event=2163\"><span class=\"sp-result \">4<\/span> - <span class=\"sp-result\">1<\/span><\/a>\t\t\t\t\t\t\t<\/h5>\n\t\t\t\t\t\t\t\t\t\t\t\t\t\t\t<div class=\"sp-event-league\">Pays de Loire<\/div>\n\t\t\t\t\t\t\t\t\t\t\t\t\t\t\t\t\t\t\t\t\t\t\t\t\t\t\t\t\t\t\t\t\t\t\t\t\t\t\t\t\t\t\t\t<div style=\"display:none;\" class=\"sp-event-venue\" itemprop=\"location\" itemscope itemtype=\"http:\/\/schema.org\/Place\"><div itemprop=\"address\" itemscope itemtype=\"http:\/\/schema.org\/PostalAddress\">N\/C<\/div><\/div>\n\t\t\t\t\t\t\t\t\t\t\t\t\t\t<h4 class=\"sp-event-title\" itemprop=\"name\">\n\t\t\t\t\t\t\t\t<a href=\"http:\/\/hockey.roller-rop.fr\/?sp_event=2163\">Les Chiefs de Loire Divatte vs Les Squales de Rez\u00e9<\/a>\t\t\t\t\t\t\t<\/h4>\n\t\t\t\t\t\t\t\n\t\t\t\t\t\t<\/td>\n\t\t\t\t\t<\/tr>\n\t\t\t\t\t\t\t\t<\/tbody>\n\t\t<\/table>\n\t<\/div>\n\t<\/div>\n<\/div>\n","protected":false},"excerpt":{"rendered":"","protected":false},"author":199,"featured_media":0,"parent":0,"menu_order":0,"comment_status":"open","ping_status":"closed","template":"","meta":[],"_links":{"self":[{"href":"http:\/\/hockey.roller-rop.fr\/index.php?rest_route=\/wp\/v2\/pages\/2167"}],"collection":[{"href":"http:\/\/hockey.roller-rop.fr\/index.php?rest_route=\/wp\/v2\/pages"}],"about":[{"href":"http:\/\/hockey.roller-rop.fr\/index.php?rest_route=\/wp\/v2\/types\/page"}],"author":[{"embeddable":true,"href":"http:\/\/hockey.roller-rop.fr\/index.php?rest_route=\/wp\/v2\/users\/199"}],"replies":[{"embeddable":true,"href":"http:\/\/hockey.roller-rop.fr\/index.php?rest_route=%2Fwp%2Fv2%2Fcomments&post=2167"}],"version-history":[{"count":3,"href":"http:\/\/hockey.roller-rop.fr\/index.php?rest_route=\/wp\/v2\/pages\/2167\/revisions"}],"predecessor-version":[{"id":2361,"href":"http:\/\/hockey.roller-rop.fr\/index.php?rest_route=\/wp\/v2\/pages\/2167\/revisions\/2361"}],"wp:attachment":[{"href":"http:\/\/hockey.roller-rop.fr\/index.php?rest_route=%2Fwp%2Fv2%2Fmedia&parent=2167"}],"curies":[{"name":"wp","href":"https:\/\/api.w.org\/{rel}","templated":true}]}}